{"id":358,"date":"2018-11-26T13:27:38","date_gmt":"2018-11-26T13:27:38","guid":{"rendered":"https:\/\/secondface.dev-env.mrvt.digital\/?page_id=358"},"modified":"2025-09-19T09:40:25","modified_gmt":"2025-09-19T08:40:25","slug":"contact","status":"publish","type":"page","link":"https:\/\/2nd-face.com\/sf-staging\/contact\/","title":{"rendered":"Contact"},"content":{"rendered":"<p>[et_pb_section fb_built=\u00a0\u00bb1&Prime; custom_padding_last_edited=\u00a0\u00bbon|phone\u00a0\u00bb _builder_version=\u00a0\u00bb4.27.0&Prime; _module_preset=\u00a0\u00bbdefault\u00a0\u00bb custom_padding=\u00a0\u00bb48px||64px||false|false\u00a0\u00bb custom_padding_tablet=\u00a0\u00bb||48px||false|false\u00a0\u00bb custom_padding_phone=\u00a0\u00bb8px||||false|false\u00a0\u00bb locked=\u00a0\u00bboff\u00a0\u00bb global_colors_info=\u00a0\u00bb{}\u00a0\u00bb][et_pb_row column_structure=\u00a0\u00bb1_2,1_2&Prime; use_custom_gutter=\u00a0\u00bbon\u00a0\u00bb gutter_width=\u00a0\u00bb2&Prime; make_equal=\u00a0\u00bbon\u00a0\u00bb _builder_version=\u00a0\u00bb4.27.0&Prime; _module_preset=\u00a0\u00bbdefault\u00a0\u00bb width=\u00a0\u00bb66%\u00a0\u00bb width_tablet=\u00a0\u00bb80%\u00a0\u00bb width_phone=\u00a0\u00bb95%\u00a0\u00bb width_last_edited=\u00a0\u00bbon|phone\u00a0\u00bb module_alignment=\u00a0\u00bbcenter\u00a0\u00bb custom_margin=\u00a0\u00bb0px|1px|0px|1px|true|true\u00a0\u00bb custom_padding=\u00a0\u00bb0px|0px|0px|0px|true|true\u00a0\u00bb global_colors_info=\u00a0\u00bb{}\u00a0\u00bb][et_pb_column type=\u00a0\u00bb1_2&Prime; _builder_version=\u00a0\u00bb4.27.0&Prime; _module_preset=\u00a0\u00bbdefault\u00a0\u00bb animation_style=\u00a0\u00bbslide\u00a0\u00bb animation_direction=\u00a0\u00bbbottom\u00a0\u00bb global_colors_info=\u00a0\u00bb{}\u00a0\u00bb][et_pb_image src=\u00a0\u00bbhttps:\/\/2nd-face.com\/sf-staging\/wp-content\/uploads\/2024\/08\/second-face-contact.jpg\u00a0\u00bb title_text=\u00a0\u00bbsecond-face-contact\u00a0\u00bb align=\u00a0\u00bbcenter\u00a0\u00bb src_tablet=\u00a0\u00bbhttps:\/\/2nd-face.com\/sf-staging\/wp-content\/uploads\/2024\/08\/Preview-1392-Grande.jpeg\u00a0\u00bb src_phone=\u00a0\u00bbhttps:\/\/2nd-face.com\/sf-staging\/wp-content\/uploads\/2024\/08\/Preview-1392-Grande.jpeg\u00a0\u00bb src_last_edited=\u00a0\u00bboff|phone\u00a0\u00bb module_id=\u00a0\u00bbintro\u00a0\u00bb _builder_version=\u00a0\u00bb4.27.4&Prime; _module_preset=\u00a0\u00bbdefault\u00a0\u00bb height_last_edited=\u00a0\u00bboff|phone\u00a0\u00bb sticky_position=\u00a0\u00bbtop\u00a0\u00bb sticky_limit_bottom=\u00a0\u00bbcolumn\u00a0\u00bb sticky_position_tablet=\u00a0\u00bbnone\u00a0\u00bb sticky_position_phone=\u00a0\u00bbnone\u00a0\u00bb sticky_position_last_edited=\u00a0\u00bbon|desktop\u00a0\u00bb border_radii=\u00a0\u00bbon|8px|8px|8px|8px\u00a0\u00bb global_colors_info=\u00a0\u00bb{}\u00a0\u00bb][\/et_pb_image][\/et_pb_column][et_pb_column type=\u00a0\u00bb1_2&Prime; _builder_version=\u00a0\u00bb4.27.0&Prime; _module_preset=\u00a0\u00bbdefault\u00a0\u00bb transform_scale_tablet=\u00a0\u00bb\u00a0\u00bb transform_scale_phone=\u00a0\u00bb\u00a0\u00bb transform_scale_last_edited=\u00a0\u00bbon|tablet\u00a0\u00bb transform_translate_tablet=\u00a0\u00bb0px|0px\u00a0\u00bb transform_translate_phone=\u00a0\u00bb0px|0px\u00a0\u00bb transform_translate_last_edited=\u00a0\u00bbon|desktop\u00a0\u00bb transform_translate_linked=\u00a0\u00bboff\u00a0\u00bb transform_rotate_tablet=\u00a0\u00bb\u00a0\u00bb transform_rotate_phone=\u00a0\u00bb\u00a0\u00bb transform_rotate_last_edited=\u00a0\u00bbon|tablet\u00a0\u00bb transform_skew_tablet=\u00a0\u00bb\u00a0\u00bb transform_skew_phone=\u00a0\u00bb\u00a0\u00bb transform_skew_last_edited=\u00a0\u00bbon|tablet\u00a0\u00bb transform_origin_tablet=\u00a0\u00bb\u00a0\u00bb transform_origin_phone=\u00a0\u00bb\u00a0\u00bb transform_origin_last_edited=\u00a0\u00bbon|tablet\u00a0\u00bb transform_styles_last_edited=\u00a0\u00bbon|desktop\u00a0\u00bb animation_style=\u00a0\u00bbslide\u00a0\u00bb animation_direction=\u00a0\u00bbtop\u00a0\u00bb transform_styles_tablet=\u00a0\u00bb\u00a0\u00bb transform_styles_phone=\u00a0\u00bb\u00a0\u00bb global_colors_info=\u00a0\u00bb{}\u00a0\u00bb][et_pb_text _builder_version=\u00a0\u00bb4.27.0&Prime; _module_preset=\u00a0\u00bbdefault\u00a0\u00bb text_font=\u00a0\u00bbLyno Jean|600||on|||||\u00a0\u00bb text_text_color=\u00a0\u00bbgcid-ea47b4d6-5b88-4770-bf01-5cdb469a7446&Prime; text_font_size=\u00a0\u00bb32px\u00a0\u00bb text_letter_spacing=\u00a0\u00bb1px\u00a0\u00bb text_line_height=\u00a0\u00bb1.4em\u00a0\u00bb custom_margin=\u00a0\u00bb16px||16px||true|false\u00a0\u00bb global_colors_info=\u00a0\u00bb{%22gcid-ea47b4d6-5b88-4770-bf01-5cdb469a7446%22:%91%22text_text_color%22%93}\u00a0\u00bb]<\/p>\n<p>Ceci est une prise de contact<\/p>\n<p>[\/et_pb_text][et_pb_text _builder_version=\u00a0\u00bb4.27.4&Prime; text_font=\u00a0\u00bb||||||||\u00a0\u00bb link_font=\u00a0\u00bb||||on|||#000000|\u00a0\u00bb text_font_size_tablet=\u00a0\u00bb14px\u00a0\u00bb text_font_size_phone=\u00a0\u00bb12px\u00a0\u00bb text_font_size_last_edited=\u00a0\u00bbon|phone\u00a0\u00bb text_text_align=\u00a0\u00bbcenter\u00a0\u00bb global_colors_info=\u00a0\u00bb{}\u00a0\u00bb]<\/p>\n<p>Vous \u00eates clients, coiffeurs, partenaires, journalistes, vous avez besoin de renseignements sur l\u2019entreprise, vos souhaitez partager une id\u00e9e, d\u00e9velopper une collab avec nous, ou simplement rejoindre notre \u00e9quipe, vous \u00eates au bon endroit !<\/p>\n<p>Adressez-nous un message via notre formulaire de contact. Nous vous r\u00e9pondrons rapidement.<\/p>\n<p>&nbsp;<\/p>\n<p>[\/et_pb_text][et_pb_button button_url=\u00a0\u00bb#form\u00a0\u00bb button_text=\u00a0\u00bbAcc\u00e9dez au formulaire\u00a0\u00bb button_alignment=\u00a0\u00bbleft\u00a0\u00bb _builder_version=\u00a0\u00bb4.27.4&Prime; _module_preset=\u00a0\u00bbdefault\u00a0\u00bb button_text_size=\u00a0\u00bb14px\u00a0\u00bb global_colors_info=\u00a0\u00bb{}\u00a0\u00bb][\/et_pb_button][et_pb_text _builder_version=\u00a0\u00bb4.27.4&Prime; text_font=\u00a0\u00bb||||||||\u00a0\u00bb link_font=\u00a0\u00bb||||on|||#000000|\u00a0\u00bb text_font_size_tablet=\u00a0\u00bb14px\u00a0\u00bb text_font_size_phone=\u00a0\u00bb12px\u00a0\u00bb text_font_size_last_edited=\u00a0\u00bbon|phone\u00a0\u00bb text_text_align=\u00a0\u00bbcenter\u00a0\u00bb global_colors_info=\u00a0\u00bb{}\u00a0\u00bb]<\/p>\n<p>Pour vos projets capillaires, conseils et demandes de devis, merci de ne pas utiliser ce formulaire mais de nous\u00a0contacter par t\u00e9l\u00e9phone, ou de passer dans l\u2019un de nos salons. Vous avez aussi la possibilit\u00e9 de r\u00e9server une cr\u00e9neau de 15 minutes pour un devis des plus personnalis\u00e9 !<\/p>\n<p><strong>POUR TOUTE ANNULATION DE RDV, MERCI DE CONTACTER LE SALON PAR T\u00c9L\u00c9PHONE !<\/strong><\/p>\n<p>[\/et_pb_text][et_pb_divider color=\u00a0\u00bb#000000&Prime; _builder_version=\u00a0\u00bb4.27.4&Prime; _module_preset=\u00a0\u00bbdefault\u00a0\u00bb global_colors_info=\u00a0\u00bb{}\u00a0\u00bb][\/et_pb_divider][et_pb_text _builder_version=\u00a0\u00bb4.27.4&Prime; text_font=\u00a0\u00bb||||||||\u00a0\u00bb link_font=\u00a0\u00bb||||on|||#000000|\u00a0\u00bb text_font_size_tablet=\u00a0\u00bb14px\u00a0\u00bb text_font_size_phone=\u00a0\u00bb12px\u00a0\u00bb text_font_size_last_edited=\u00a0\u00bbon|phone\u00a0\u00bb text_text_align=\u00a0\u00bbcenter\u00a0\u00bb global_colors_info=\u00a0\u00bb{}\u00a0\u00bb]<\/p>\n<h2>Recrutement<\/h2>\n<p>Vous \u00eates coiffeur et avez du talent, vous souhaitez int\u00e9grer une \u00e9quipe jeune et dynamique passionn\u00e9e par son m\u00e9tier. Vous avez le sens du service et aimez \u00eatre au contact d\u2019une client\u00e8le \u00e9clectique, vous avez un caract\u00e8re bien \u00e0 vous et aimez les challenges.<br \/>Nous sommes fait pour nous rencontrer !<\/p>\n<p>[\/et_pb_text][et_pb_toggle title=\u00a0\u00bbNos offres en ligne\u00a0\u00bb toggle_icon=\u00a0\u00bb&#x22;||divi||400&Prime; use_icon_font_size=\u00a0\u00bbon\u00a0\u00bb icon_font_size=\u00a0\u00bb24px\u00a0\u00bb open_icon_color=\u00a0\u00bb#000000&Prime; open_toggle_icon=\u00a0\u00bb&#x51;||divi||400&Prime; open_use_icon_font_size=\u00a0\u00bbon\u00a0\u00bb open_icon_font_size=\u00a0\u00bb24px\u00a0\u00bb _builder_version=\u00a0\u00bb4.27.4&Prime; _module_preset=\u00a0\u00bbdefault\u00a0\u00bb title_level=\u00a0\u00bbh3&Prime; body_font_size=\u00a0\u00bb14px\u00a0\u00bb body_link_font=\u00a0\u00bb|600|on||on||||\u00a0\u00bb background_color=\u00a0\u00bb#fcfcfc\u00a0\u00bb border_radii=\u00a0\u00bbon|16px|16px|16px|16px\u00a0\u00bb border_color_all=\u00a0\u00bb#000000&Prime; global_colors_info=\u00a0\u00bb{}\u00a0\u00bb]<\/p>\n<p>Pas d&rsquo;offres disponible pour le moment.<\/p>\n<p>Envoyez-nous votre CV et votre lettre de motivation (avec le num\u00e9ro de l\u2019offre \u00e0 laquelle vous souhaitez r\u00e9pondre) par notre <a href=\"#form\">formulaire de contact<\/a> ou par courrier \u00e0 SAS Vitet JB, Second Face,\u00a0 4 rue Louis Vitet, 69001 Nous serons ravis de vous rencontrer.<\/p>\n<p>[\/et_pb_toggle][et_pb_toggle title=\u00a0\u00bbCandidature spontan\u00e9e\u00a0\u00bb toggle_icon=\u00a0\u00bb&#x22;||divi||400&Prime; use_icon_font_size=\u00a0\u00bbon\u00a0\u00bb icon_font_size=\u00a0\u00bb24px\u00a0\u00bb open_icon_color=\u00a0\u00bb#000000&Prime; open_toggle_icon=\u00a0\u00bb&#x51;||divi||400&Prime; open_use_icon_font_size=\u00a0\u00bbon\u00a0\u00bb open_icon_font_size=\u00a0\u00bb24px\u00a0\u00bb _builder_version=\u00a0\u00bb4.27.4&Prime; _module_preset=\u00a0\u00bbdefault\u00a0\u00bb title_level=\u00a0\u00bbh3&Prime; body_font_size=\u00a0\u00bb14px\u00a0\u00bb body_link_font=\u00a0\u00bb|600|on||on||||\u00a0\u00bb background_color=\u00a0\u00bb#fcfcfc\u00a0\u00bb border_radii=\u00a0\u00bbon|16px|16px|16px|16px\u00a0\u00bb border_color_all=\u00a0\u00bb#000000&Prime; global_colors_info=\u00a0\u00bb{}\u00a0\u00bb]<\/p>\n<p>Vous souhaitez int\u00e9grer nos effectifs ? Vous avez de l\u2019exp\u00e9rience ? Vous souhaitez int\u00e9grer une formation en alternance coiffure ? Vous \u00eates au bon endroit.<br \/>Chez Second Face, nous cherchons constamment \u00e0 int\u00e9grer de nouveaux coiffeurs et coiffeuses dans nos salons. Vous pouvez nous faire parvenir votre candidature, via notre <a href=\"#form\">formulaire de contact.<\/a>\u00a0Pensez \u00e0 joindre un CV et une lettre de motivation. Petit plus : vous pouvez nous faire parvenir des photos de vos r\u00e9alisations.<\/p>\n<p>[\/et_pb_toggle][et_pb_divider color=\u00a0\u00bb#000000&Prime; _builder_version=\u00a0\u00bb4.27.4&Prime; _module_preset=\u00a0\u00bbdefault\u00a0\u00bb global_colors_info=\u00a0\u00bb{}\u00a0\u00bb][\/et_pb_divider][et_pb_text _builder_version=\u00a0\u00bb4.27.4&Prime; text_font=\u00a0\u00bb||||||||\u00a0\u00bb link_font=\u00a0\u00bb||||on|||#000000|\u00a0\u00bb text_font_size_tablet=\u00a0\u00bb14px\u00a0\u00bb text_font_size_phone=\u00a0\u00bb12px\u00a0\u00bb text_font_size_last_edited=\u00a0\u00bbon|phone\u00a0\u00bb text_text_align=\u00a0\u00bbcenter\u00a0\u00bb global_colors_info=\u00a0\u00bb{}\u00a0\u00bb]<\/p>\n<h2>Collaboration<\/h2>\n<p>Second Face c\u2019est plus qu\u2019un salon de coiffure. C\u2019est un espace ouvert \u00e0 la collaboration que ce soit pour une exposition, l\u2019organisation de dj sets, un photo shoot ou autre, nous sommes toujours int\u00e9ress\u00e9s par les projets qui nous parlent et qui sont align\u00e9s avec nos valeurs.\u00a0<\/p>\n<p>Faites-nous vos propositions via notre <a href=\"#form\">formulaire de contact<\/a> .<\/p>\n<p>[\/et_pb_text][et_pb_text module_id=\u00a0\u00bbform\u00a0\u00bb _builder_version=\u00a0\u00bb4.27.4&Prime; global_colors_info=\u00a0\u00bb{}\u00a0\u00bb]<\/p>\n<div class=\"forminator-ui forminator-custom-form forminator-custom-form-4702 forminator-design--material  forminator_ajax\" data-forminator-render=\"0\" data-form=\"forminator-module-4702\" data-uid=\"69f759183ad54\"><br\/><\/div><form\r\n\t\t\t\tid=\"forminator-module-4702\"\r\n\t\t\t\tclass=\"forminator-ui forminator-custom-form forminator-custom-form-4702 forminator-design--material  forminator_ajax\"\r\n\t\t\t\tmethod=\"post\"\r\n\t\t\t\tdata-forminator-render=\"0\"\r\n\t\t\t\tdata-form-id=\"4702\"\r\n\t\t\t\tenctype=\"multipart\/form-data\" data-color-option=\"default\" data-design=\"material\" data-grid=\"open\" style=\"display: none;\"\r\n\t\t\t\tdata-uid=\"69f759183ad54\"\r\n\t\t\t><div role=\"alert\" aria-live=\"polite\" class=\"forminator-response-message forminator-error\" aria-hidden=\"true\"><\/div><div class=\"forminator-row\"><div id=\"name-1\" class=\"forminator-field-name forminator-col forminator-col-12 \"><div class=\"forminator-field\"><label for=\"forminator-field-name-1_69f759183ad54\" id=\"forminator-field-name-1_69f759183ad54-label\" class=\"forminator-label\">Nom <span class=\"forminator-required\">*<\/span><\/label><input type=\"text\" name=\"name-1\" value=\"\" placeholder=\"\" id=\"forminator-field-name-1_69f759183ad54\" class=\"forminator-input forminator-name--field\" aria-required=\"true\" autocomplete=\"name\" \/><\/div><\/div><\/div><div class=\"forminator-row\"><div id=\"name-2\" class=\"forminator-field-name forminator-col forminator-col-12 \"><div class=\"forminator-field\"><label for=\"forminator-field-name-2_69f759183ad54\" id=\"forminator-field-name-2_69f759183ad54-label\" class=\"forminator-label\">Pr\u00e9nom <span class=\"forminator-required\">*<\/span><\/label><input type=\"text\" name=\"name-2\" value=\"\" placeholder=\"\" id=\"forminator-field-name-2_69f759183ad54\" class=\"forminator-input forminator-name--field\" aria-required=\"true\" autocomplete=\"name\" \/><\/div><\/div><\/div><div class=\"forminator-row\"><div id=\"email-1\" class=\"forminator-field-email forminator-col forminator-col-12 \"><div class=\"forminator-field\"><label for=\"forminator-field-email-1_69f759183ad54\" id=\"forminator-field-email-1_69f759183ad54-label\" class=\"forminator-label\">Email <span class=\"forminator-required\">*<\/span><\/label><input type=\"email\" name=\"email-1\" value=\"\" placeholder=\"\" id=\"forminator-field-email-1_69f759183ad54\" class=\"forminator-input forminator-email--field\" data-required=\"true\" aria-required=\"true\" autocomplete=\"email\" \/><\/div><\/div><\/div><div class=\"forminator-row\"><div id=\"select-1\" class=\"forminator-field-select forminator-col forminator-col-12 \"><div class=\"forminator-field\"><label for=\"forminator-form-4702__field--select-1_69f759183ad54\" id=\"forminator-form-4702__field--select-1_69f759183ad54-label\" class=\"forminator-label\">Votre demande concerne :<\/label><select  id=\"forminator-form-4702__field--select-1_69f759183ad54\" class=\"forminator-select--field forminator-select2 forminator-select2-multiple\" data-required=\"\" name=\"select-1\" data-default-value=\"\" data-hidden-behavior=\"zero\" data-placeholder=\"\" data-search=\"false\" data-search-placeholder=\"\" data-checkbox=\"false\" data-allow-clear=\"false\" aria-labelledby=\"forminator-form-4702__field--select-1_69f759183ad54-label\"><option value=\"Demande-d&#039;informations\"  data-calculation=\"0\">Demande d'informations<\/option><option value=\"one\"  data-calculation=\"0\">Candidature<\/option><option value=\"c\"  data-calculation=\"0\">Collaboration<\/option><option value=\"two\"  data-calculation=\"0\">R\u00e9clamation<\/option><\/select><\/div><\/div><\/div><div class=\"forminator-row\"><div id=\"text-1\" class=\"forminator-field-text forminator-col forminator-col-12 \"><div class=\"forminator-field\"><label for=\"forminator-field-text-1_69f759183ad54\" id=\"forminator-field-text-1_69f759183ad54-label\" class=\"forminator-label\">Sujet<\/label><input type=\"text\" name=\"text-1\" value=\"\" placeholder=\"\" id=\"forminator-field-text-1_69f759183ad54\" class=\"forminator-input forminator-name--field\" data-required=\"\" \/><\/div><\/div><\/div><div class=\"forminator-row\"><div id=\"text-2\" class=\"forminator-field-text forminator-col forminator-col-12 \"><div class=\"forminator-field\"><label for=\"forminator-field-text-2_69f759183ad54\" id=\"forminator-field-text-2_69f759183ad54-label\" class=\"forminator-label\">Message <span class=\"forminator-required\">*<\/span><\/label><input type=\"text\" name=\"text-2\" value=\"\" placeholder=\"E.g. text placeholder\" id=\"forminator-field-text-2_69f759183ad54\" class=\"forminator-input forminator-name--field\" data-required=\"1\" \/><span id=\"forminator-field-text-2_69f759183ad54-description\" class=\"forminator-description\"><span data-limit=\"200\" data-type=\"words\">0 \/ 200<\/span><\/span><\/div><\/div><\/div><div class=\"forminator-row\"><div id=\"upload-1\" class=\"forminator-field-upload forminator-col forminator-col-12 \"><div class=\"forminator-field\"><label for=\"forminator-field-upload-1_69f759183ad54\" id=\"forminator-field-upload-1_69f759183ad54-label\" class=\"forminator-label\">Ajouter un fichier<\/label><div class=\"forminator-multi-upload \" data-element=\"upload-1_69f759183ad54\" aria-describedby=\"forminator-field-upload-1_69f759183ad54-description\"><input type=\"file\" name=\"upload-1[]\" id=\"forminator-field-upload-1_69f759183ad54\" class=\"forminator-input-file forminator-field-upload-1_69f759183ad54-4702\" multiple=\"multiple\" data-method=\"ajax\" accept=\".avif,.heif,.heics,.heifs,.ttf,.otf,.woff,.woff2,.lottie,.json,.jpg,.jpeg,.jpe,.pdf\" data-size=\"5000000\" data-size-message=\"Maximum file size allowed is 5 MB. \" data-filetype=\"avif|heif|heics|heifs|ttf|otf|woff|woff2|lottie|json|jpg|jpeg|jpe|pdf\" data-filetype-message=\"l\u2019extension de fichier n\u2019est pas autoris\u00e9e.\"><div class=\"forminator-multi-upload-message\" aria-hidden=\"true\"><span class=\"forminator-icon-upload\" aria-hidden=\"true\"><\/span><p>Glissez et d\u00e9posez (ou) <a class=\"forminator-upload-file--forminator-field-upload-1_69f759183ad54\" href=\"#\" onclick=\"return false;\">Choisissez des fichiers<\/a><\/p><\/div><\/div><span id=\"forminator-field-upload-1_69f759183ad54-description\" class=\"forminator-description\">(pdf, jpg - 5mo maximum)<\/span><ul class=\"forminator-uploaded-files upload-container-upload-1_69f759183ad54\"><\/ul><\/div><\/div><\/div><div class=\"forminator-row\"><div id=\"gdprcheckbox-1\" class=\"forminator-field-gdprcheckbox forminator-col forminator-col-12 \"><div class=\"forminator-field\"><label for=\"forminator-field-gdprcheckbox-1_69f759183ad54\" id=\"forminator-field-gdprcheckbox-1_69f759183ad54-label\" class=\"forminator-label\">RGPD <span class=\"forminator-required\">*<\/span><\/label><label for=\"forminator-field-gdprcheckbox-1_69f759183ad54\" class=\"forminator-checkbox\"><input type=\"checkbox\" name=\"gdprcheckbox-1\" value=\"true\" id=\"forminator-field-gdprcheckbox-1_69f759183ad54\" data-required=\"true\" aria-required=\"true\" \/><span class=\"forminator-checkbox-box\" aria-hidden=\"true\"><\/span><span class=\"forminator-checkbox-label\">En soumettant ce formulaire, j'accepte que les informations saisies dans ce formulaire soient utilis\u00e9es, exploit\u00e9es, trait\u00e9es dans le cadre de la r\u00e9ponse qui sera faite \u00e0 votre demande<\/span><\/label><\/div><\/div><\/div><div class=\"forminator-row\"><div id=\"captcha-1\" class=\"forminator-field-captcha forminator-col forminator-col-12 \"><div class=\"forminator-captcha-left forminator-g-recaptcha recaptcha-invisible\" data-theme=\"light\" data-badge=\"inline\" data-sitekey=\"6LdCJqoUAAAAAC_zASII4Qb7sk-HdKeOuOnH2cha\" data-size=\"invisible\"><\/div> <\/div><\/div><input type=\"hidden\" name=\"referer_url\" value=\"\" \/><div class=\"forminator-row forminator-row-last\"><div class=\"forminator-col\"><div class=\"forminator-field\"><button class=\"forminator-button forminator-button-submit\"><span>Envoyer<\/span><span aria-hidden=\"true\"><\/span><\/button><\/div><\/div><\/div><input type=\"hidden\" id=\"forminator_nonce\" name=\"forminator_nonce\" value=\"e1b63a379c\" \/><input type=\"hidden\" name=\"_wp_http_referer\" value=\"\/sf-staging\/wp-json\/wp\/v2\/pages\/358\" \/><input type=\"hidden\" name=\"form_id\" value=\"4702\"><input type=\"hidden\" name=\"page_id\" value=\"358\"><input type=\"hidden\" name=\"form_type\" value=\"\"><input type=\"hidden\" name=\"current_url\" value=\"https:\/\/2nd-face.com\/sf-staging\/contact\/\"><input type=\"hidden\" name=\"render_id\" value=\"0\"><input type=\"hidden\" name=\"forminator-multifile-hidden\" class=\"forminator-multifile-hidden\"><input type=\"hidden\" name=\"action\" value=\"forminator_submit_form_custom-forms\"><\/form>\n<p>[\/et_pb_text][\/et_pb_column][\/et_pb_row][\/et_pb_section]<\/p>\n","protected":false},"excerpt":{"rendered":"<p>Ceci est une prise de contactVous \u00eates clients, coiffeurs, partenaires, journalistes, vous avez besoin de renseignements sur l\u2019entreprise, vos souhaitez partager une id\u00e9e, d\u00e9velopper une collab avec nous, ou simplement rejoindre notre \u00e9quipe, vous \u00eates au bon endroit ! Adressez-nous un message via notre formulaire de contact. Nous vous r\u00e9pondrons rapidement. &nbsp;Pour vos projets capillaires, [&hellip;]<\/p>\n","protected":false},"author":3,"featured_media":0,"parent":0,"menu_order":6,"comment_status":"closed","ping_status":"closed","template":"","meta":{"_acf_changed":false,"_et_pb_use_builder":"on","_et_pb_old_content":"","_et_gb_content_width":"","footnotes":""},"dipi_cpt_category":[],"class_list":["post-358","page","type-page","status-publish","hentry"],"acf":[],"_links":{"self":[{"href":"https:\/\/2nd-face.com\/sf-staging\/wp-json\/wp\/v2\/pages\/358","targetHints":{"allow":["GET"]}}],"collection":[{"href":"https:\/\/2nd-face.com\/sf-staging\/wp-json\/wp\/v2\/pages"}],"about":[{"href":"https:\/\/2nd-face.com\/sf-staging\/wp-json\/wp\/v2\/types\/page"}],"author":[{"embeddable":true,"href":"https:\/\/2nd-face.com\/sf-staging\/wp-json\/wp\/v2\/users\/3"}],"replies":[{"embeddable":true,"href":"https:\/\/2nd-face.com\/sf-staging\/wp-json\/wp\/v2\/comments?post=358"}],"version-history":[{"count":21,"href":"https:\/\/2nd-face.com\/sf-staging\/wp-json\/wp\/v2\/pages\/358\/revisions"}],"predecessor-version":[{"id":8319,"href":"https:\/\/2nd-face.com\/sf-staging\/wp-json\/wp\/v2\/pages\/358\/revisions\/8319"}],"wp:attachment":[{"href":"https:\/\/2nd-face.com\/sf-staging\/wp-json\/wp\/v2\/media?parent=358"}],"wp:term":[{"taxonomy":"dipi_cpt_category","embeddable":true,"href":"https:\/\/2nd-face.com\/sf-staging\/wp-json\/wp\/v2\/dipi_cpt_category?post=358"}],"curies":[{"name":"wp","href":"https:\/\/api.w.org\/{rel}","templated":true}]}}